{"id":133,"date":"2021-10-12T08:28:04","date_gmt":"2021-10-12T06:28:04","guid":{"rendered":"https:\/\/www.zinshaus-onlinebewertung.at\/?page_id=133"},"modified":"2023-04-16T21:30:14","modified_gmt":"2023-04-16T19:30:14","slug":"impressum","status":"publish","type":"page","link":"https:\/\/www.zinshaus-onlinebewertung.at\/?page_id=133","title":{"rendered":"Impressum"},"content":{"rendered":"<p>[et_pb_section fb_built=&#8220;1&#8243; _builder_version=&#8220;4.16&#8243; _module_preset=&#8220;default&#8220; global_colors_info=&#8220;{}&#8220;][et_pb_row _builder_version=&#8220;4.16&#8243; _module_preset=&#8220;default&#8220; global_colors_info=&#8220;{}&#8220;][et_pb_column type=&#8220;4_4&#8243; _builder_version=&#8220;4.16&#8243; _module_preset=&#8220;default&#8220; global_colors_info=&#8220;{}&#8220;][et_pb_text _builder_version=&#8220;4.16&#8243; _module_preset=&#8220;default&#8220; header_font=&#8220;Open Sans|600|||||||&#8220; header_text_align=&#8220;left&#8220; header_text_color=&#8220;#00375E&#8220; header_2_text_color=&#8220;#00375E&#8220; header_2_font_size=&#8220;23px&#8220; text_orientation=&#8220;left&#8220; global_colors_info=&#8220;{}&#8220;]<\/p>\n<h1>Impressum<\/h1>\n<p>&nbsp;<\/p>\n<h2>Angaben nach \u00a7ECG, \u00a714 UGB und \u00a7 25 MedienG<\/h2>\n<p>[\/et_pb_text][et_pb_text _builder_version=&#8220;4.20.4&#8243; _module_preset=&#8220;default&#8220; header_2_font=&#8220;|600|||||||&#8220; header_2_text_align=&#8220;left&#8220; header_2_text_color=&#8220;#00375E&#8220; header_2_font_size=&#8220;21px&#8220; text_orientation=&#8220;left&#8220; hover_enabled=&#8220;0&#8243; global_colors_info=&#8220;{}&#8220; sticky_enabled=&#8220;0&#8243;]<\/p>\n<h3>Name, Anschrift<\/h3>\n<p>Medieninhaber: Andreas Kuttenberger<br \/>Firmendaten: <span>Kuttenberger Makler GmbH, FN 592454g<\/span><br \/>Firmensitz: Lederergasse 17\/6, 3500 Krems a.d. Donau<br \/>Unternehmensgegenstand: Immobilienmakler<\/p>\n<p>[\/et_pb_text][et_pb_text _builder_version=&#8220;4.16&#8243; _module_preset=&#8220;default&#8220; text_orientation=&#8220;left&#8220; global_colors_info=&#8220;{}&#8220;]<\/p>\n<div class=\"td\">\n<div class=\"tr\">\n<h3 class=\"td\">Rechtsform<\/h3>\n<\/div>\n<div class=\"tr\">\n<div class=\"td\">Beh\u00f6rdlich konzessioniertes Einzelunternehmen<\/div>\n<\/div>\n<\/div>\n<p>[\/et_pb_text][et_pb_text _builder_version=&#8220;4.16&#8243; _module_preset=&#8220;default&#8220; text_orientation=&#8220;left&#8220; global_colors_info=&#8220;{}&#8220;]<\/p>\n<div class=\"tr\">\n<h3 class=\"td\">Gewerbeberechtigung<\/h3>\n<div class=\"td\">Immobilientreuh\u00e4nder (Immobilienmakler, Immobilienverwalter, Bautr\u00e4ger) gem. \u00a7 94 Z.35 GewO 1994 eingeschr\u00e4nkt auf Immobilienmakler<\/div>\n<\/div>\n<p>[\/et_pb_text][et_pb_text _builder_version=&#8220;4.16&#8243; _module_preset=&#8220;default&#8220; text_orientation=&#8220;left&#8220; global_colors_info=&#8220;{}&#8220;]<\/p>\n<div class=\"tr \">\n<h3 class=\"td\">Standort der Gewerbeberechtigung<\/h3>\n<div class=\"td\">3500 Krems, Lederergasse 17\/6<\/div>\n<\/div>\n<p>[\/et_pb_text][et_pb_text _builder_version=&#8220;4.16&#8243; _module_preset=&#8220;default&#8220; text_orientation=&#8220;left&#8220; global_colors_info=&#8220;{}&#8220;]<\/p>\n<div class=\"tr \">\n<h3 class=\"td\">Weitere Betriebsst\u00e4tte (Filiale)<\/h3>\n<\/div>\n<div class=\"tr\">\n<div class=\"td\">1090 Wien, Marktgasse 1a\/6<\/div>\n<\/div>\n<div class=\"tr\"><\/div>\n<p>[\/et_pb_text][et_pb_text _builder_version=&#8220;4.16&#8243; _module_preset=&#8220;default&#8220; text_orientation=&#8220;left&#8220; global_colors_info=&#8220;{}&#8220;]<\/p>\n<div class=\"tr\">\n<h3 class=\"td\">Kontakt<\/h3>\n<div class=\"td\">Telefon +43 676 515 00 00<br \/>Email: office@kuttenberger-immo.at<\/div>\n<\/div>\n<div class=\"tr\"><\/div>\n<div class=\"tr\">\n<div class=\"td\"><\/div>\n<\/div>\n<p>[\/et_pb_text][et_pb_text _builder_version=&#8220;4.20.4&#8243; _module_preset=&#8220;default&#8220; text_orientation=&#8220;left&#8220; hover_enabled=&#8220;0&#8243; global_colors_info=&#8220;{}&#8220; sticky_enabled=&#8220;0&#8243;]<\/p>\n<div class=\"tr\">\n<h3 class=\"td\">UID-Nummer<\/h3>\n<div class=\"td\"><span>ATU78715106<\/span><\/div>\n<\/div>\n<div class=\"tr\"><\/div>\n<div class=\"tr\">\n<div class=\"td\"><\/div>\n<\/div>\n<p>[\/et_pb_text][et_pb_text _builder_version=&#8220;4.16&#8243; _module_preset=&#8220;default&#8220; text_orientation=&#8220;left&#8220; global_colors_info=&#8220;{}&#8220;]<\/p>\n<div class=\"tr\">\n<h3 class=\"td\">Berufsvertretung, Mitgliedschaften<\/h3>\n<div class=\"td\">Wirtschaftskammer Nieder\u00f6sterreich, Fachgruppe Immobilien- und Verm\u00f6genstreuh\u00e4nder, Fachgruppe Werbung und Marktkommunikation<\/div>\n<\/div>\n<p>[\/et_pb_text][et_pb_text _builder_version=&#8220;4.16&#8243; _module_preset=&#8220;default&#8220; text_orientation=&#8220;left&#8220; global_colors_info=&#8220;{}&#8220;]<\/p>\n<div class=\"tr\">\n<h3 class=\"td\">Beh\u00f6rde gem. ECG (E-Commerce Gesetz)<\/h3>\n<div class=\"td\">Magistrat der Stadt Krems a.d. Donau<\/div>\n<\/div>\n<div class=\"tr\"><\/div>\n<div class=\"tr\">\n<div class=\"td\"><\/div>\n<\/div>\n<p>[\/et_pb_text][et_pb_text _builder_version=&#8220;4.16&#8243; _module_preset=&#8220;default&#8220; text_orientation=&#8220;left&#8220; global_colors_info=&#8220;{}&#8220;]<\/p>\n<div class=\"tr\">\n<h3 class=\"td\">Bankdaten<\/h3>\n<div class=\"td\">IBAN: AT51 3239 7000 0021 3199<br \/>BIC: RLNWATWWKRE<br \/>Bezeichnung: Kuttenberger Andreas<\/div>\n<\/div>\n<div class=\"tr\"><\/div>\n<div class=\"tr\">\n<div class=\"td\"><\/div>\n<\/div>\n<p>[\/et_pb_text][et_pb_text _builder_version=&#8220;4.16&#8243; _module_preset=&#8220;default&#8220; text_orientation=&#8220;left&#8220; global_colors_info=&#8220;{}&#8220;]<\/p>\n<div class=\"tr\">\n<h3 class=\"td\">Haftpflichtversicherung (Verm\u00f6gensschaden)<\/h3>\n<div class=\"td\">Wiener St\u00e4dtische Versicherung AG Pol-Nr. 98-P560.070-9<\/div>\n<\/div>\n<div class=\"tr\">\n<div class=\"td\"><\/div>\n<\/div>\n<p>[\/et_pb_text][et_pb_text _builder_version=&#8220;4.16&#8243; _module_preset=&#8220;default&#8220; text_orientation=&#8220;left&#8220; global_colors_info=&#8220;{}&#8220;]<\/p>\n<h3 class=\"td\">Anwendbare Rechtsvorschriften<\/h3>\n<div class=\"td\">Standes- und Aus\u00fcbungsregeln f\u00fcr Immobilienmakler http:\/\/www.wkimmo.info\/i\/wko\/service\/immv.pdf<\/div>\n<p>[\/et_pb_text][et_pb_text _builder_version=&#8220;4.20.4&#8243; _module_preset=&#8220;default&#8220; text_orientation=&#8220;left&#8220; hover_enabled=&#8220;0&#8243; global_colors_info=&#8220;{}&#8220; sticky_enabled=&#8220;0&#8243;]<\/p>\n<h3 class=\"td\">Webdesign &amp; Umsetzung<\/h3>\n<div class=\"td\">Bandforce e.U.<\/div>\n<div class=\"td\"><a href=\"https:\/\/www.brandforce.at\" target=\"_blank\" rel=\"noopener\">www.brandforce.at<\/a><\/div>\n<p>[\/et_pb_text][\/et_pb_column][\/et_pb_row][\/et_pb_section]<\/p>\n","protected":false},"excerpt":{"rendered":"<p>Impressum &nbsp; Angaben nach \u00a7ECG, \u00a714 UGB und \u00a7 25 MedienGName, Anschrift Medieninhaber: Andreas KuttenbergerFirmendaten: Kuttenberger Makler GmbH, FN 592454gFirmensitz: Lederergasse 17\/6, 3500 Krems a.d. DonauUnternehmensgegenstand: Immobilienmakler Rechtsform Beh\u00f6rdlich konzessioniertes Einzelunternehmen Gewerbeberechtigung Immobilientreuh\u00e4nder (Immobilienmakler, Immobilienverwalter, Bautr\u00e4ger) gem. \u00a7 94 Z.35 GewO 1994 eingeschr\u00e4nkt auf Immobilienmakler Standort der Gewerbeberechtigung 3500 Krems, Lederergasse 17\/6 Weitere Betriebsst\u00e4tte (Filiale) [&hellip;]<\/p>\n","protected":false},"author":2,"featured_media":0,"parent":0,"menu_order":0,"comment_status":"closed","ping_status":"closed","template":"","meta":{"_et_pb_use_builder":"on","_et_pb_old_content":"","_et_gb_content_width":"","footnotes":""},"class_list":["post-133","page","type-page","status-publish","hentry"],"_links":{"self":[{"href":"https:\/\/www.zinshaus-onlinebewertung.at\/index.php?rest_route=\/wp\/v2\/pages\/133","targetHints":{"allow":["GET"]}}],"collection":[{"href":"https:\/\/www.zinshaus-onlinebewertung.at\/index.php?rest_route=\/wp\/v2\/pages"}],"about":[{"href":"https:\/\/www.zinshaus-onlinebewertung.at\/index.php?rest_route=\/wp\/v2\/types\/page"}],"author":[{"embeddable":true,"href":"https:\/\/www.zinshaus-onlinebewertung.at\/index.php?rest_route=\/wp\/v2\/users\/2"}],"replies":[{"embeddable":true,"href":"https:\/\/www.zinshaus-onlinebewertung.at\/index.php?rest_route=%2Fwp%2Fv2%2Fcomments&post=133"}],"version-history":[{"count":0,"href":"https:\/\/www.zinshaus-onlinebewertung.at\/index.php?rest_route=\/wp\/v2\/pages\/133\/revisions"}],"wp:attachment":[{"href":"https:\/\/www.zinshaus-onlinebewertung.at\/index.php?rest_route=%2Fwp%2Fv2%2Fmedia&parent=133"}],"curies":[{"name":"wp","href":"https:\/\/api.w.org\/{rel}","templated":true}]}}